{"id":266,"date":"2018-11-09T13:43:38","date_gmt":"2018-11-09T13:43:38","guid":{"rendered":"https:\/\/llavesdecochedaniel.es\/es\/?page_id=266"},"modified":"2018-12-14T20:30:09","modified_gmt":"2018-12-14T20:30:09","slug":"politica-de-cookies","status":"publish","type":"page","link":"https:\/\/llavesdecochedaniel.es\/es\/politica-de-cookies\/","title":{"rendered":"Pol\u00edtica de cookies"},"content":{"rendered":"\t\t<div data-elementor-type=\"wp-post\" data-elementor-id=\"266\" class=\"elementor elementor-266 elementor-bc-flex-widget\">\n\t\t\t\t\t\t<section class=\"elementor-section elementor-top-section elementor-element elementor-element-f119963 elementor-section-boxed elementor-section-height-default elementor-section-height-default\" data-id=\"f119963\" data-element_type=\"section\">\n\t\t\t\t\t\t<div class=\"elementor-container elementor-column-gap-default\">\n\t\t\t\t\t<div class=\"elementor-column elementor-col-100 elementor-top-column elementor-element elementor-element-0c4965d\" data-id=\"0c4965d\" data-element_type=\"column\">\n\t\t\t<div class=\"elementor-widget-wrap elementor-element-populated\">\n\t\t\t\t\t\t<div class=\"elementor-element elementor-element-c2f887b elementor-widget elementor-widget-heading\" data-id=\"c2f887b\" data-element_type=\"widget\" data-widget_type=\"heading.default\">\n\t\t\t\t<div class=\"elementor-widget-container\">\n\t\t\t\t\t<h3 class=\"elementor-heading-title elementor-size-default\">Informaci\u00f3n general<\/h3>\t\t\t\t<\/div>\n\t\t\t\t<\/div>\n\t\t\t\t<div class=\"elementor-element elementor-element-26aaeb9 elementor-widget elementor-widget-text-editor\" data-id=\"26aaeb9\" data-element_type=\"widget\" data-widget_type=\"text-editor.default\">\n\t\t\t\t<div class=\"elementor-widget-container\">\n\t\t\t\t\t\t\t\t\t<p><strong>1. Datos del titular del sitio web:<\/strong><\/p><p>La titular del sitio web https:\/\/llavesdecochedaniel.es\/ (en adelante, el Sitio Web) es Daniel G\u00f3mez Gonz\u00e1lez. Para cualquier duda o consulta acerca de esta pol\u00edtica de cookies puede contactar a trav\u00e9s de la direcci\u00f3n de correo electr\u00f3nico:\u00a0 admin@jmstuweb.com<\/p><p><strong>2. \u00bfQu\u00e9 son las cookies?:<\/strong><\/p><p>Una cookie es un dispositivo que el servidor de este Sitio Web env\u00eda al navegador del terminal (ordenador, <em>smartphone, tablet,<\/em> etc.) desde el que el usuario se conecta, con la finalidad de almacenar informaci\u00f3n sobre la navegaci\u00f3n que se efect\u00faa desde dicho equipo, que podr\u00e1, en su caso, ser recuperada con posterioridad.<\/p><p>En este enlace se puede acceder a la gu\u00eda de cookies editada por la Agencia Espa\u00f1ola de Protecci\u00f3n de Datos:<\/p><p><a href=\"http:\/\/www.agpd.es\/portalwebAGPD\/canaldocumentacion\/publicaciones\/common\/Guias\/Guia_Cookies.pdf\">http:\/\/www.agpd.es\/portalwebAGPD\/canaldocumentacion\/publicaciones\/common\/Guias\/Guia_Cookies.pdf<\/a><\/p><p>Las Cookies se asocian \u00fanicamente a un usuario an\u00f3nimo y su dispositivo, y no proporcionan referencias que permitan deducir datos personales del usuario. El usuario podr\u00e1 configurar su navegador para que notifique y rechace la instalaci\u00f3n las Cookies enviadas por la Web, sin que ello perjudique la posibilidad del usuario de acceder a los contenidos de dicha web. Sin embargo, hacemos constar que, en todo caso, la calidad de funcionamiento de la p\u00e1gina Web puede disminuir.<\/p><p><strong>3. \u00bfQu\u00e9 tipos de cookies existen?: <\/strong><\/p><p>Las Cookies, en funci\u00f3n de su Permanencia, pueden dividirse en:<\/p><p>\u201cCookies de sesi\u00f3n\u201d: Expiran cuando el usuario cierra el navegador.<\/p><p>\u201cCookies persistentes\u201d: Expiran en funci\u00f3n de cuando se cumpla el objetivo para el que sirven (por ejemplo, para que el usuario se mantenga identificado en los Servicios) o bien cuando se borran manualmente.<\/p><p>En funci\u00f3n de su Objetivo, las Cookies pueden clasificarse de la siguiente forma:\u00a0<\/p><ul><li>Cookies t\u00e9cnicas o de rendimiento: Este tipo de Cookie recuerda sus preferencias para las herramientas que se encuentran en los servicios, por lo que no tiene que volver a configurar el servicio cada vez que usted visita. A modo de ejemplo, en esta tipolog\u00eda se incluyen: Ajustes de volumen de reproductores de v\u00eddeo o sonido, las velocidades de transmisi\u00f3n de v\u00eddeo que sean compatibles con su navegador,<\/li><li>Cookies de geolocalizaci\u00f3n: Estas Cookies son utilizadas para averiguar en qu\u00e9 pa\u00eds se encuentra cuando se solicita un servicio. Esta Cookie es totalmente an\u00f3nima, y s\u00f3lo se utiliza para ayudar a orientar el contenido a su ubicaci\u00f3n.<\/li><li>Cookies de registro: Las Cookies de registro se generan una vez que el usuario se ha registrado o posteriormente ha abierto su sesi\u00f3n, y se utilizan para identificarle en los servicios con los siguientes objetivos: Mantener al usuario identificado de forma que, si cierra un servicio, el navegador o el ordenador y en otro momento u otro d\u00eda vuelve a entrar en dicho servicio, seguir\u00e1 identificado, facilitando as\u00ed su navegaci\u00f3n sin tener que volver a identificarse. Esta funcionalidad se puede suprimir si el usuario pulsa la funcionalidad \u201ccerrar sesi\u00f3n\u201d, de forma que esta Cookie se elimina y la pr\u00f3xima vez que entre en el servicio el usuario tendr\u00e1 que iniciar sesi\u00f3n para estar identificado. \/ Comprobar si el usuario est\u00e1 autorizado para acceder a ciertos servicios, por ejemplo, para participar en un concurso.<\/li><li>Cookies anal\u00edticas: Cada vez que un Usuario visita un servicio, una herramienta de un proveedor externo genera una Cookie anal\u00edtica en el ordenador del usuario. Esta Cookie que s\u00f3lo se genera en la visita, servir\u00e1 en pr\u00f3ximas visitas a los Servicios de la Web para identificar de forma an\u00f3nima al visitante. Los objetivos principales que se persiguen son: Permitir la identificaci\u00f3n an\u00f3nima de los usuarios navegantes a trav\u00e9s de la \u201cCookie\u201d (identifica navegadores y dispositivos, no personas) y por lo tanto la contabilizaci\u00f3n aproximada del n\u00famero de visitantes y su tendencia en el tiempo. \/ Identificar de forma an\u00f3nima los contenidos m\u00e1s visitados y por lo tanto m\u00e1s atractivos para los usuarios. \/ Saber si el usuario que est\u00e1 accediendo es nuevo o repite visita.<\/li><\/ul><p>Importante: Salvo que el usuario decida registrarse en un servicio de la Web, la \u201cCookie\u201d nunca ir\u00e1 asociada a ning\u00fan dato de car\u00e1cter personal que pueda identificarle. Dichas Cookies s\u00f3lo ser\u00e1n utilizadas con prop\u00f3sitos estad\u00edsticos que ayuden a la optimizaci\u00f3n de la experiencia de los Usuarios en el sitio.<\/p><ul><li>Cookies de publicidad comportamental: Este tipo de Cookies permite ampliar la informaci\u00f3n de los anuncios mostrados a cada usuario an\u00f3nimo en los Servicios de la Web. Entre otros, se almacena la duraci\u00f3n o frecuencia de visualizaci\u00f3n de posiciones publicitarias, la interacci\u00f3n con las mismas, o los patrones de navegaci\u00f3n y\/o compartimientos del usuario ya que ayudan a conformar un perfil de inter\u00e9s publicitario. De este modo, permiten ofrecer publicidad af\u00edn a los intereses del usuario.<\/li><li>Cookies publicitarias de terceros: Adem\u00e1s de la publicidad gestionada por la Web en sus Servicios, la Web ofrece a sus anunciantes la opci\u00f3n de servir anuncios a trav\u00e9s de terceros (\u201cAdServers\u201d). De este modo, estos terceros pueden almacenar Cookies enviadas desde los Servicios de la Web procedentes de los navegadores de los Usuarios, as\u00ed como acceder a los datos que en ellas se guardan.<\/li><\/ul>\t\t\t\t\t\t\t\t<\/div>\n\t\t\t\t<\/div>\n\t\t\t\t\t<\/div>\n\t\t<\/div>\n\t\t\t\t\t<\/div>\n\t\t<\/section>\n\t\t\t\t<section class=\"elementor-section elementor-top-section elementor-element elementor-element-c8bdfed elementor-section-boxed elementor-section-height-default elementor-section-height-default\" data-id=\"c8bdfed\" data-element_type=\"section\">\n\t\t\t\t\t\t<div class=\"elementor-container elementor-column-gap-default\">\n\t\t\t\t\t<div class=\"elementor-column elementor-col-100 elementor-top-column elementor-element elementor-element-d09010c\" data-id=\"d09010c\" data-element_type=\"column\">\n\t\t\t<div class=\"elementor-widget-wrap elementor-element-populated\">\n\t\t\t\t\t\t<div class=\"elementor-element elementor-element-77d56d7 elementor-widget elementor-widget-heading\" data-id=\"77d56d7\" data-element_type=\"widget\" data-widget_type=\"heading.default\">\n\t\t\t\t<div class=\"elementor-widget-container\">\n\t\t\t\t\t<h3 class=\"elementor-heading-title elementor-size-default\">\u00bfQu\u00e9 cookies utilizamos nosotros?<\/h3>\t\t\t\t<\/div>\n\t\t\t\t<\/div>\n\t\t\t\t<div class=\"elementor-element elementor-element-856afe4 elementor-widget elementor-widget-text-editor\" data-id=\"856afe4\" data-element_type=\"widget\" data-widget_type=\"text-editor.default\">\n\t\t\t\t<div class=\"elementor-widget-container\">\n\t\t\t\t\t\t\t\t\t<p>Utilizamos cookies propias y de terceros.<\/p>\t\t\t\t\t\t\t\t<\/div>\n\t\t\t\t<\/div>\n\t\t\t\t\t<\/div>\n\t\t<\/div>\n\t\t\t\t\t<\/div>\n\t\t<\/section>\n\t\t\t\t<section class=\"elementor-section elementor-top-section elementor-element elementor-element-b97d0fa elementor-section-boxed elementor-section-height-default elementor-section-height-default\" data-id=\"b97d0fa\" data-element_type=\"section\">\n\t\t\t\t\t\t<div class=\"elementor-container elementor-column-gap-default\">\n\t\t\t\t\t<div class=\"elementor-column elementor-col-100 elementor-top-column elementor-element elementor-element-9617391\" data-id=\"9617391\" data-element_type=\"column\">\n\t\t\t<div class=\"elementor-widget-wrap elementor-element-populated\">\n\t\t\t\t\t\t<div class=\"elementor-element elementor-element-260a844 elementor-widget elementor-widget-heading\" data-id=\"260a844\" data-element_type=\"widget\" data-widget_type=\"heading.default\">\n\t\t\t\t<div class=\"elementor-widget-container\">\n\t\t\t\t\t<h3 class=\"elementor-heading-title elementor-size-default\">Informaci\u00f3n sobre c\u00f3mo desactivar y\/o bloquear las cookies<\/h3>\t\t\t\t<\/div>\n\t\t\t\t<\/div>\n\t\t\t\t<div class=\"elementor-element elementor-element-471b331 elementor-widget elementor-widget-text-editor\" data-id=\"471b331\" data-element_type=\"widget\" data-widget_type=\"text-editor.default\">\n\t\t\t\t<div class=\"elementor-widget-container\">\n\t\t\t\t\t\t\t\t\t<p>El usuario podr\u00e1 -en cualquier momento- gestionar el uso de cookies a trav\u00e9s del navegador instalado en su terminal. En los enlaces siguientes puede encontrarse informaci\u00f3n sobre qu\u00e9 cookies tiene el usuario instaladas en su navegador, permitir su instalaci\u00f3n, bloquearlas o eliminarlas de su equipo:<\/p><p>Chrome, desde:<\/p><p><a href=\"http:\/\/support.google.com\/chrome\/bin\/answer.py?hl=es&amp;answer=95647\">http:\/\/support.google.com\/chrome\/bin\/answer.py?hl=es&amp;answer=95647<\/a><\/p><p>Explorer, desde:<\/p><p><a href=\"https:\/\/support.microsoft.com\/es-es\/help\/17442\/windows-internet-explorer-delete-manage-cookies\">https:\/\/support.microsoft.com\/es-es\/help\/17442\/windows-internet-explorer-delete-manage-cookies<\/a><\/p><p>Firefox, desde:<\/p><p><a href=\"http:\/\/support.mozilla.org\/es\/kb\/habilitar-y-deshabilitar-cookies-que-los-sitios-we\">http:\/\/support.mozilla.org\/es\/kb\/habilitar-y-deshabilitar-cookies-que-los-sitios-we<\/a><\/p><p>Safari, desde:<\/p><p><a href=\"https:\/\/support.apple.com\/kb\/PH19214?viewlocale=es_ES&amp;locale=es_ES\">https:\/\/support.apple.com\/kb\/PH19214?viewlocale=es_ES&amp;locale=es_ES<\/a><\/p><p>Opera, desde: <a href=\"http:\/\/help.opera.com\/Windows\/11.50\/es-ES\/cookies.html\">http:\/\/help.opera.com\/Windows\/11.50\/es-ES\/cookies.html<\/a><\/p><p>Existen herramientas de terceros, disponibles on line, que permiten a los usuarios detectar las cookies en cada sitio web que visita y gestionar su desactivaci\u00f3n.<\/p><p>Los navegadores web son las herramientas encargadas de almacenar las cookies y desde este lugar el usuario puede ejercitar su derecho a eliminaci\u00f3n o desactivaci\u00f3n de las mismas. Ni esta web ni sus representantes legales pueden garantizar la correcta o incorrecta manipulaci\u00f3n de las cookies por parte de los mencionados navegadores.<\/p><p>En algunos casos es necesario instalar cookies para que el navegador no olvide la decisi\u00f3n del usuario de no aceptaci\u00f3n de las mismas.<\/p>\t\t\t\t\t\t\t\t<\/div>\n\t\t\t\t<\/div>\n\t\t\t\t\t<\/div>\n\t\t<\/div>\n\t\t\t\t\t<\/div>\n\t\t<\/section>\n\t\t\t\t<\/div>\n\t\t","protected":false},"excerpt":{"rendered":"<p>Informaci\u00f3n general 1. Datos del titular del sitio web: La titular del sitio web https:\/\/llavesdecochedaniel.es\/ (en adelante, el Sitio Web) es Daniel G\u00f3mez Gonz\u00e1lez. Para&hellip;<\/p>\n","protected":false},"author":1,"featured_media":0,"parent":0,"menu_order":0,"comment_status":"closed","ping_status":"closed","template":"elementor_header_footer","meta":{"footnotes":""},"class_list":["post-266","page","type-page","status-publish","hentry"],"yoast_head":"<!-- This site is optimized with the Yoast SEO plugin v25.9 - https:\/\/yoast.com\/wordpress\/plugins\/seo\/ -->\n<title>Pol\u00edtica de cookies - Llaves de coche Daniel<\/title>\n<meta name=\"robots\" content=\"noindex, follow\" \/>\n<meta property=\"og:locale\" content=\"es_ES\" \/>\n<meta property=\"og:type\" content=\"article\" \/>\n<meta property=\"og:title\" content=\"Pol\u00edtica de cookies - Llaves de coche Daniel\" \/>\n<meta property=\"og:description\" content=\"Informaci\u00f3n general 1. Datos del titular del sitio web: La titular del sitio web https:\/\/llavesdecochedaniel.es\/ (en adelante, el Sitio Web) es Daniel G\u00f3mez Gonz\u00e1lez. Para&hellip;\" \/>\n<meta property=\"og:url\" content=\"https:\/\/llavesdecochedaniel.es\/es\/politica-de-cookies\/\" \/>\n<meta property=\"og:site_name\" content=\"Llaves de coche Daniel\" \/>\n<meta property=\"article:modified_time\" content=\"2018-12-14T20:30:09+00:00\" \/>\n<meta name=\"twitter:card\" content=\"summary_large_image\" \/>\n<meta name=\"twitter:label1\" content=\"Tiempo de lectura\" \/>\n\t<meta name=\"twitter:data1\" content=\"6 minutos\" \/>\n<script type=\"application\/ld+json\" class=\"yoast-schema-graph\">{\"@context\":\"https:\/\/schema.org\",\"@graph\":[{\"@type\":\"WebPage\",\"@id\":\"https:\/\/llavesdecochedaniel.es\/es\/politica-de-cookies\/\",\"url\":\"https:\/\/llavesdecochedaniel.es\/es\/politica-de-cookies\/\",\"name\":\"Pol\u00edtica de cookies - Llaves de coche Daniel\",\"isPartOf\":{\"@id\":\"https:\/\/llavesdecochedaniel.es\/es\/#website\"},\"datePublished\":\"2018-11-09T13:43:38+00:00\",\"dateModified\":\"2018-12-14T20:30:09+00:00\",\"breadcrumb\":{\"@id\":\"https:\/\/llavesdecochedaniel.es\/es\/politica-de-cookies\/#breadcrumb\"},\"inLanguage\":\"es\",\"potentialAction\":[{\"@type\":\"ReadAction\",\"target\":[\"https:\/\/llavesdecochedaniel.es\/es\/politica-de-cookies\/\"]}]},{\"@type\":\"BreadcrumbList\",\"@id\":\"https:\/\/llavesdecochedaniel.es\/es\/politica-de-cookies\/#breadcrumb\",\"itemListElement\":[{\"@type\":\"ListItem\",\"position\":1,\"name\":\"Home\",\"item\":\"https:\/\/llavesdecochedaniel.es\/es\/\"},{\"@type\":\"ListItem\",\"position\":2,\"name\":\"Pol\u00edtica de cookies\"}]},{\"@type\":\"WebSite\",\"@id\":\"https:\/\/llavesdecochedaniel.es\/es\/#website\",\"url\":\"https:\/\/llavesdecochedaniel.es\/es\/\",\"name\":\"Llaves de coche Daniel\",\"description\":\"Llaves de coche en Las Palmas\",\"publisher\":{\"@id\":\"https:\/\/llavesdecochedaniel.es\/es\/#organization\"},\"potentialAction\":[{\"@type\":\"SearchAction\",\"target\":{\"@type\":\"EntryPoint\",\"urlTemplate\":\"https:\/\/llavesdecochedaniel.es\/es\/?s={search_term_string}\"},\"query-input\":{\"@type\":\"PropertyValueSpecification\",\"valueRequired\":true,\"valueName\":\"search_term_string\"}}],\"inLanguage\":\"es\"},{\"@type\":\"Organization\",\"@id\":\"https:\/\/llavesdecochedaniel.es\/es\/#organization\",\"name\":\"Llaves de coche Daniel\",\"url\":\"https:\/\/llavesdecochedaniel.es\/es\/\",\"logo\":{\"@type\":\"ImageObject\",\"inLanguage\":\"es\",\"@id\":\"https:\/\/llavesdecochedaniel.es\/es\/#\/schema\/logo\/image\/\",\"url\":\"https:\/\/llavesdecochedaniel.es\/es\/wp-content\/uploads\/2018\/11\/cropped-logo-2.png\",\"contentUrl\":\"https:\/\/llavesdecochedaniel.es\/es\/wp-content\/uploads\/2018\/11\/cropped-logo-2.png\",\"width\":600,\"height\":480,\"caption\":\"Llaves de coche Daniel\"},\"image\":{\"@id\":\"https:\/\/llavesdecochedaniel.es\/es\/#\/schema\/logo\/image\/\"}}]}<\/script>\n<!-- \/ Yoast SEO plugin. -->","yoast_head_json":{"title":"Pol\u00edtica de cookies - Llaves de coche Daniel","robots":{"index":"noindex","follow":"follow"},"og_locale":"es_ES","og_type":"article","og_title":"Pol\u00edtica de cookies - Llaves de coche Daniel","og_description":"Informaci\u00f3n general 1. Datos del titular del sitio web: La titular del sitio web https:\/\/llavesdecochedaniel.es\/ (en adelante, el Sitio Web) es Daniel G\u00f3mez Gonz\u00e1lez. Para&hellip;","og_url":"https:\/\/llavesdecochedaniel.es\/es\/politica-de-cookies\/","og_site_name":"Llaves de coche Daniel","article_modified_time":"2018-12-14T20:30:09+00:00","twitter_card":"summary_large_image","twitter_misc":{"Tiempo de lectura":"6 minutos"},"schema":{"@context":"https:\/\/schema.org","@graph":[{"@type":"WebPage","@id":"https:\/\/llavesdecochedaniel.es\/es\/politica-de-cookies\/","url":"https:\/\/llavesdecochedaniel.es\/es\/politica-de-cookies\/","name":"Pol\u00edtica de cookies - Llaves de coche Daniel","isPartOf":{"@id":"https:\/\/llavesdecochedaniel.es\/es\/#website"},"datePublished":"2018-11-09T13:43:38+00:00","dateModified":"2018-12-14T20:30:09+00:00","breadcrumb":{"@id":"https:\/\/llavesdecochedaniel.es\/es\/politica-de-cookies\/#breadcrumb"},"inLanguage":"es","potentialAction":[{"@type":"ReadAction","target":["https:\/\/llavesdecochedaniel.es\/es\/politica-de-cookies\/"]}]},{"@type":"BreadcrumbList","@id":"https:\/\/llavesdecochedaniel.es\/es\/politica-de-cookies\/#breadcrumb","itemListElement":[{"@type":"ListItem","position":1,"name":"Home","item":"https:\/\/llavesdecochedaniel.es\/es\/"},{"@type":"ListItem","position":2,"name":"Pol\u00edtica de cookies"}]},{"@type":"WebSite","@id":"https:\/\/llavesdecochedaniel.es\/es\/#website","url":"https:\/\/llavesdecochedaniel.es\/es\/","name":"Llaves de coche Daniel","description":"Llaves de coche en Las Palmas","publisher":{"@id":"https:\/\/llavesdecochedaniel.es\/es\/#organization"},"potentialAction":[{"@type":"SearchAction","target":{"@type":"EntryPoint","urlTemplate":"https:\/\/llavesdecochedaniel.es\/es\/?s={search_term_string}"},"query-input":{"@type":"PropertyValueSpecification","valueRequired":true,"valueName":"search_term_string"}}],"inLanguage":"es"},{"@type":"Organization","@id":"https:\/\/llavesdecochedaniel.es\/es\/#organization","name":"Llaves de coche Daniel","url":"https:\/\/llavesdecochedaniel.es\/es\/","logo":{"@type":"ImageObject","inLanguage":"es","@id":"https:\/\/llavesdecochedaniel.es\/es\/#\/schema\/logo\/image\/","url":"https:\/\/llavesdecochedaniel.es\/es\/wp-content\/uploads\/2018\/11\/cropped-logo-2.png","contentUrl":"https:\/\/llavesdecochedaniel.es\/es\/wp-content\/uploads\/2018\/11\/cropped-logo-2.png","width":600,"height":480,"caption":"Llaves de coche Daniel"},"image":{"@id":"https:\/\/llavesdecochedaniel.es\/es\/#\/schema\/logo\/image\/"}}]}},"_links":{"self":[{"href":"https:\/\/llavesdecochedaniel.es\/es\/wp-json\/wp\/v2\/pages\/266","targetHints":{"allow":["GET"]}}],"collection":[{"href":"https:\/\/llavesdecochedaniel.es\/es\/wp-json\/wp\/v2\/pages"}],"about":[{"href":"https:\/\/llavesdecochedaniel.es\/es\/wp-json\/wp\/v2\/types\/page"}],"author":[{"embeddable":true,"href":"https:\/\/llavesdecochedaniel.es\/es\/wp-json\/wp\/v2\/users\/1"}],"replies":[{"embeddable":true,"href":"https:\/\/llavesdecochedaniel.es\/es\/wp-json\/wp\/v2\/comments?post=266"}],"version-history":[{"count":8,"href":"https:\/\/llavesdecochedaniel.es\/es\/wp-json\/wp\/v2\/pages\/266\/revisions"}],"predecessor-version":[{"id":2010,"href":"https:\/\/llavesdecochedaniel.es\/es\/wp-json\/wp\/v2\/pages\/266\/revisions\/2010"}],"wp:attachment":[{"href":"https:\/\/llavesdecochedaniel.es\/es\/wp-json\/wp\/v2\/media?parent=266"}],"curies":[{"name":"wp","href":"https:\/\/api.w.org\/{rel}","templated":true}]}}